{"id":333,"date":"2013-06-13T15:14:37","date_gmt":"2013-06-13T13:14:37","guid":{"rendered":"http:\/\/s473014065.online.de\/?page_id=333"},"modified":"2018-05-03T19:20:38","modified_gmt":"2018-05-03T17:20:38","slug":"interimsmanagement","status":"publish","type":"page","link":"http:\/\/mbr-consult.com\/?page_id=333","title":{"rendered":"Interimsmanagement"},"content":{"rendered":"<p>Ein IT-Manager (CIO oder CTO) ist erkrankt, l\u00e4nger ausgefallen oder hat gek\u00fcndigt. Ein geeigneter Nachfolger ist noch nicht in Sicht oder soll erst an die neue Position herangef\u00fchrt werden. Trotzdem muss der Betrieb weiter gehen. Meine Kunden k\u00f6nnen hier Coaching, Parttime oder Fulltime IT-Management von mir, als einem erfahrenen CIO oder CTO einkaufen um eine gewisse Zeit zu \u00fcberbr\u00fccken.<\/p>\n<p>Mieten Sie mich als Manager auf Zeit:<\/p>\n<ul>\n<li>als <strong>CIO<\/strong> bringe ich Ihre IT wieder in Schwung<\/li>\n<li>als <strong>CTO<\/strong> helfe ich Ihnen Ihre Infrastruktur wieder in den Griff zu bekommen<\/li>\n<li>als <strong>IT-Controller<\/strong> helfe ich Ihnen Ihre IT-Kosten zu beziffern und nachhaltig zu senken<\/li>\n<li>als <strong>Projektleiter<\/strong> setzte ich Ihre Vorhaben zielgerichtet und kosteneffizient um<\/li>\n<\/ul>\n","protected":false},"excerpt":{"rendered":"<p>Ein IT-Manager (CIO oder CTO) ist erkrankt, l\u00e4nger ausgefallen oder hat gek\u00fcndigt. Ein geeigneter Nachfolger ist noch nicht in Sicht oder soll erst an die neue Position herangef\u00fchrt werden. Trotzdem muss der Betrieb weiter gehen. Meine Kunden k\u00f6nnen hier Coaching, &hellip; <a href=\"http:\/\/mbr-consult.com\/?page_id=333\">Weiterlesen <span class=\"meta-nav\">&rarr;<\/span><\/a><\/p>\n","protected":false},"author":1,"featured_media":415,"parent":0,"menu_order":0,"comment_status":"closed","ping_status":"closed","template":"sidebar-page.php","meta":{"jetpack_post_was_ever_published":false,"footnotes":""},"class_list":["post-333","page","type-page","status-publish","has-post-thumbnail","hentry"],"jetpack_sharing_enabled":true,"jetpack_shortlink":"https:\/\/wp.me\/P3IAsu-5n","_links":{"self":[{"href":"http:\/\/mbr-consult.com\/index.php?rest_route=\/wp\/v2\/pages\/333","targetHints":{"allow":["GET"]}}],"collection":[{"href":"http:\/\/mbr-consult.com\/index.php?rest_route=\/wp\/v2\/pages"}],"about":[{"href":"http:\/\/mbr-consult.com\/index.php?rest_route=\/wp\/v2\/types\/page"}],"author":[{"embeddable":true,"href":"http:\/\/mbr-consult.com\/index.php?rest_route=\/wp\/v2\/users\/1"}],"replies":[{"embeddable":true,"href":"http:\/\/mbr-consult.com\/index.php?rest_route=%2Fwp%2Fv2%2Fcomments&post=333"}],"version-history":[{"count":1,"href":"http:\/\/mbr-consult.com\/index.php?rest_route=\/wp\/v2\/pages\/333\/revisions"}],"predecessor-version":[{"id":555,"href":"http:\/\/mbr-consult.com\/index.php?rest_route=\/wp\/v2\/pages\/333\/revisions\/555"}],"wp:featuredmedia":[{"embeddable":true,"href":"http:\/\/mbr-consult.com\/index.php?rest_route=\/wp\/v2\/media\/415"}],"wp:attachment":[{"href":"http:\/\/mbr-consult.com\/index.php?rest_route=%2Fwp%2Fv2%2Fmedia&parent=333"}],"curies":[{"name":"wp","href":"https:\/\/api.w.org\/{rel}","templated":true}]}}