{"id":338,"date":"2013-06-13T15:19:29","date_gmt":"2013-06-13T13:19:29","guid":{"rendered":"http:\/\/s473014065.online.de\/?page_id=338"},"modified":"2018-05-03T19:19:53","modified_gmt":"2018-05-03T17:19:53","slug":"dienstleistungen","status":"publish","type":"page","link":"http:\/\/mbr-consult.com\/?page_id=338","title":{"rendered":"Dienstleistungen"},"content":{"rendered":"<p><em><strong>Projektmanagement<\/strong><\/em><\/p>\n<p>Wir bieten Ihnen im Rahmen von Projekteinf\u00fchrungen sowie bei bestehenden Projekten die Abwicklung Ihrer Projekte.<\/p>\n<p>Aufgrund langj\u00e4hriger Erfahrung unserer Projektleiter k\u00f6nnen Sie auf ein gro\u00dfes fachliches Wissen zur\u00fcckgreifen. Sie werden mittelstands- orientiert in den ERP\u2013Projekten beraten. Konzeptionelle L\u00f6sungen werden erarbeitet und bei Ihnen implementiert.<\/p>\n<p>Das Leistungsspektrum reicht von der unternehmensindividuellen Gesch\u00e4ftsstrategie bis hin zur vollst\u00e4ndigen Neugestaltung von Prozessen in Ihrem Unternehmen.<\/p>\n<p><em><strong>Softwareentwicklung<\/strong><\/em><\/p>\n<p>Im Rahmen unserer T\u00e4tigkeiten werden individuelle Kundenprojekte nach bestehenden Softwarekonventionen realisiert und beim Ihnen eingerichtet. Wir erstellen die Pflichtenhefte, realisieren die Softwareentwicklung, f\u00fchren die Integrationstests durch und installieren die Entwicklung beim Ihnen. So werden Ihre Anforderungen zeitnah umgesetzt.<\/p>\n<p><em><strong>Schulungen<\/strong><\/em><\/p>\n<p>Bei Projekteinf\u00fchrungen steht in erster Linie der Wissensaufbau der unternehmenseigenen Mitarbeiter im Vordergrund. Wir unterst\u00fctzen Sie hier im Rahmen unserer gut ausgebildeten Berater (Trainer). Die Mitarbeiter werden praxisorientiert geschult. Ein zielgerichteter Wissensaufbau wird durch unternehmensspezifische Aufgabenstellungen gestaltet. Die praktische Umsetzung dieser Aufgaben wird gemeinsam mit den Trainern durchgef\u00fchrt.<\/p>\n","protected":false},"excerpt":{"rendered":"<p>Projektmanagement Wir bieten Ihnen im Rahmen von Projekteinf\u00fchrungen sowie bei bestehenden Projekten die Abwicklung Ihrer Projekte. Aufgrund langj\u00e4hriger Erfahrung unserer Projektleiter k\u00f6nnen Sie auf ein gro\u00dfes fachliches Wissen zur\u00fcckgreifen. Sie werden mittelstands- orientiert in den ERP\u2013Projekten beraten. Konzeptionelle L\u00f6sungen werden &hellip; <a href=\"http:\/\/mbr-consult.com\/?page_id=338\">Weiterlesen <span class=\"meta-nav\">&rarr;<\/span><\/a><\/p>\n","protected":false},"author":1,"featured_media":0,"parent":0,"menu_order":0,"comment_status":"closed","ping_status":"closed","template":"sidebar-page.php","meta":{"jetpack_post_was_ever_published":false,"footnotes":""},"class_list":["post-338","page","type-page","status-publish","hentry"],"jetpack_sharing_enabled":true,"jetpack_shortlink":"https:\/\/wp.me\/P3IAsu-5s","_links":{"self":[{"href":"http:\/\/mbr-consult.com\/index.php?rest_route=\/wp\/v2\/pages\/338","targetHints":{"allow":["GET"]}}],"collection":[{"href":"http:\/\/mbr-consult.com\/index.php?rest_route=\/wp\/v2\/pages"}],"about":[{"href":"http:\/\/mbr-consult.com\/index.php?rest_route=\/wp\/v2\/types\/page"}],"author":[{"embeddable":true,"href":"http:\/\/mbr-consult.com\/index.php?rest_route=\/wp\/v2\/users\/1"}],"replies":[{"embeddable":true,"href":"http:\/\/mbr-consult.com\/index.php?rest_route=%2Fwp%2Fv2%2Fcomments&post=338"}],"version-history":[{"count":1,"href":"http:\/\/mbr-consult.com\/index.php?rest_route=\/wp\/v2\/pages\/338\/revisions"}],"predecessor-version":[{"id":553,"href":"http:\/\/mbr-consult.com\/index.php?rest_route=\/wp\/v2\/pages\/338\/revisions\/553"}],"wp:attachment":[{"href":"http:\/\/mbr-consult.com\/index.php?rest_route=%2Fwp%2Fv2%2Fmedia&parent=338"}],"curies":[{"name":"wp","href":"https:\/\/api.w.org\/{rel}","templated":true}]}}