{"id":346,"date":"2013-06-13T15:25:39","date_gmt":"2013-06-13T13:25:39","guid":{"rendered":"http:\/\/s473014065.online.de\/?page_id=346"},"modified":"2013-06-13T15:25:39","modified_gmt":"2013-06-13T13:25:39","slug":"allgemeine-geschafts-und-projektbedingungen","status":"publish","type":"page","link":"http:\/\/mbr-consult.com\/?page_id=346","title":{"rendered":"Allgemeine Gesch\u00e4fts- und Projektbedingungen"},"content":{"rendered":"<p>1. Geltungsbereich<\/p>\n<blockquote><p>1.1 Nachfolgende Vertragsbedingungen gelten f\u00fcr alle Auftr\u00e4ge, die der Michael Braun IT-Beratung, nachfolgend MBR Consult genannt, Wangen im Allg\u00e4u \u00fcber die Durchf\u00fchrung von Beratung und \u00e4hnlichen Leistungen erteilt werden<\/p>\n<p>1.2. Die Berater und Beraterinnen der MBR Consult handeln w\u00e4hrend ihrer T\u00e4tigkeit ausschlie\u00dflich im Namen und im Auftrag der MBR Consult. Zusatz-, Folge- und Neuauftr\u00e4ge, die im Rahmen ihrer T\u00e4tigkeit f\u00fcr die MBR Consult an sie herangetragen werden, gelten im Zweifel als der MBR Consult erteilt.<\/p><\/blockquote>\n<p>2. Umfang und Ausf\u00fchrung eines Auftrages<\/p>\n<blockquote><p>2.1. Gegenstand eines Auftrages ist die vereinbarte T\u00e4tigkeit oder sonstige Leistung, nicht ein Erfolg (Dienstleistungsvertrag). Diese setzt sich in der Regel insbesondere aus Vor-Ort-T\u00e4tigkeiten und Ausarbeitungszeiten zusammen. Der Auftrag wird nach den Grunds\u00e4tzen der ordnungsgem\u00e4\u00dfen Berufsaus\u00fcbung f\u00fcr Unternehmensberater ausgef\u00fchrt.<\/p>\n<p>2.2. Auftr\u00e4ge und deren \u00c4nderung bed\u00fcrfen grunds\u00e4tzlich der Schriftform. Etwaig getroffene m\u00fcndliche Nebenabreden bei Vertragsabschluss sind unwirksam.<\/p>\n<p>M\u00fcndliche Vereinbarungen oder Erkl\u00e4rungen werden von MBR Consult schriftlich best\u00e4tigt; der Vertragspartner hat unverz\u00fcglich schriftlich Einwendungen dagegen vorzubringen und ggf. zu widersprechen. Erfolgt dies nicht, gilt die Regelung entsprechend der schriftlichen Darstellung von MBR Consult.<\/p>\n<p>2.3. Der Kunde hat daf\u00fcr zu sorgen, dass der MBR Consult alle f\u00fcr die Ausf\u00fchrung des Auftrages erforderlichen Informationen und Unterlagen zur Verf\u00fcgung stehen. Dies gilt auch f\u00fcr Vorg\u00e4nge und Unterlagen, die erst w\u00e4hrend des Beratungsauftrages bekannt werden.<\/p>\n<p>2.4. Die MBR Consult kann f\u00fcr die Beratung eines Kunden auch weitere Berater und Beraterinnen bennen, selbst wenn diese nicht in der Auftragsbest\u00e4tigung genannt sind.<\/p><\/blockquote>\n<p>3. Beratungsunterlagen<\/p>\n<blockquote><p>3.1. Alle im Zusammenhang mit Beratungsauftr\u00e4gen entstehenden Spezifikationen, Konzepte und Notizen haben schriftlich zu erfolgen und werden dem Kunden ausgeh\u00e4ndigt. Existieren solche Unterlagen, sind ausschlie\u00dflich diese ma\u00dfgebend; zus\u00e4tzliche m\u00fcndliche Erkl\u00e4rungen sind f\u00fcr die MBR Consult unverbindlich.<\/p>\n<p>3.2. Sowohl die MBR Consult als auch der Kunde sind verpflichtet, die im Rahmen von Beratungsauftr\u00e4gen von der MBR Consult gefertigten Unterlagen ausschlie\u00dflich f\u00fcr eigene Zwecke zu verwenden.<\/p>\n<p>3.3. Im \u00fcbrigen bedarf die Weitergabe von Unterlagen, die die MBR Consult im Rahmen von Beratungsauftr\u00e4gen f\u00fcr Kunden gefertigt hat, an Dritte (nicht MBR Consult, nicht Kunde) die schriftliche Zustimmung der MBR Consult. Gleiches gilt analog f\u00fcr Unterlagen die Kunden der MBR Consult \u00fcberlassen haben.<\/p><\/blockquote>\n<p>4. Gew\u00e4hrleistung und Haftung<\/p>\n<blockquote><p>4.1. Bei M\u00e4ngeln der Beratung oder der Beratungsunterlagen, wird die MBR Consult nach Aufforderung durch den Kunden, innerhalb angemessener Frist, die notwendigen Nachbesserungen oder Nachleistungen kosten- und spesenfrei erbringen.<\/p>\n<p>4.2. Verbleiben trotz erfolgreicher Nachbesserung M\u00e4ngel oder sieht der Kunde weiterhin Nachteile f\u00fcr sich, kann nur bei grob fahrl\u00e4ssigem Handeln Schadensersatz verlangt werden. Das gilt auch, wenn notwendige Nachbesserungen trotz erneuter Aufforderung durch den Kunden innerhalb einer angemessenen Nachfrist (\u00a7326 BGB) nicht erbracht worden sind.<\/p>\n<p>4.3. Die vorstehende Beschr\u00e4nkung auf Haftung f\u00fcr vors\u00e4tziches oder grob Fahrl\u00e4ssiges Handeln gilt auch f\u00fcr Sch\u00e4den, die durch sonstiges vertrags- oder pflichtwidriges Verhalten auf Seiten der MBR Consult nachweisbar entstanden sind.<\/p><\/blockquote>\n<p>5. Schweigepflicht<\/p>\n<blockquote><p>5.1. Die MBR Consult und alle von ihr eingesetzten und besch\u00e4ftigten Personen verpflichten sich nach Ma\u00dfgabe der gesetzlichen Vorschriften, \u00fcber alle Gesch\u00e4ftsgeheimnisse und vertraulichen Tatsachen, die ihnen im Zusammenhang mit ihrer T\u00e4tigkeit f\u00fcr Kunden bekannt werden, auch nach dem Ende ihrer T\u00e4tigkeit f\u00fcr Kunden oder die MBR Consult, Stillschweigen zu bewahren.<\/p><\/blockquote>\n<p>6. Vertragsdauer<\/p>\n<blockquote><p>6.1. Ein Vertrag wird bis zur vollst\u00e4ndigen Beendigung eines Auftrags abgeschlossen.<\/p>\n<p>6.2. Das Recht auf fristlose K\u00fcndigung aus wichtigem Grund bleibt f\u00fcr beide Parteien unber\u00fchrt. Ein die MBR Consult berechtigender Grund f\u00fcr fristlose K\u00fcndigung liegt insbesondere vor, wenn der Kunde seiner Mitwirkungspflicht nach 2.1. bis 2.4. trotz Aufforderung und Fristsetzung nicht nachkommt.<\/p>\n<p>6.3. Endet der Beratungsvertrag vorzeitig, hat der Kunde die bis dahin erbrachten Leistungen in jedem Fall vertragsgem\u00e4\u00df zu verg\u00fcten. Das Recht des Kunden Schadensersatz und Ersatz weitergehender Aufwendungen geltend zu machen bleibt davon unber\u00fchrt.<\/p><\/blockquote>\n<p>7. Verg\u00fctung<\/p>\n<blockquote><p>7.1. Die MBR Consult wird dem Kunden die vereinbarte Verg\u00fctung f\u00fcr die Beratungsleistungen vierzehnt\u00e4gig in Rechnung stellen. Die Zahlungen erfolgen auf eines der Bankkonten der MBR Consult. Die Rechnungen sind, sofern nicht ausdr\u00fccklich abweichend angegeben, sofort bei Erhalt f\u00e4llig. An Berater oder Beraterinnen kann nur direkt gezahlt werden, sofern eine entsprechende, schriftliche Inkassovollmacht vorliegt.<\/p>\n<p>7.2. Im einzelnen und schriftlich genau festgelegte Beratungszeiten (Tage, Stunden), die aus Gr\u00fcnden, die der Kunde zu vertreten hat, nicht wahrgenommen werden k\u00f6nnen, sind voll zu verg\u00fcten. Dies gilt nicht, wenn schriftlich vereinbarte Beratungszeiten mindestens 5 Arbeitstage vorher vom Kunden abgesagt werden. Im \u00fcbrigen gelten die Vorschriften \u00fcber die Gegenleistung bei Unm\u00f6glichkeit oder sonstigem Wegfall der Erf\u00fcllung.<\/p><\/blockquote>\n<p>8. Erf\u00fcllungsort und Gerichtsstand<\/p>\n<blockquote><p>8.1. Erf\u00fcllungsort und Gerichtsstand f\u00fcr beide Seiten ist, sofern nicht anders vereinbart, der Sitz der MBR Consult, Wangen im Allg\u00e4u.<\/p><\/blockquote>\n<p>9. Salvatorische Klausel<\/p>\n<blockquote><p>9.1. Sollten eine oder mehrere Bestimmungen dieser Gesch\u00e4ftsbedingungen unwirksam sein oder werden oder sollten diese Vertragsbestimmungen eine L\u00fccke enthalten, so bleibt die Wirksamkeit der \u00fcbrigen Bestimmungen unber\u00fchrt. An die Stelle der unwirksamen Bestimmungen oder der L\u00fccke soll eine Regelung treten, die dem am n\u00e4chsten kommt, was die Parteien vereinbart h\u00e4tten, wenn sie die Unwirksamkeit bedacht oder die L\u00fccke erkannt h\u00e4tten.<\/p><\/blockquote>\n","protected":false},"excerpt":{"rendered":"<p>1. Geltungsbereich 1.1 Nachfolgende Vertragsbedingungen gelten f\u00fcr alle Auftr\u00e4ge, die der Michael Braun IT-Beratung, nachfolgend MBR Consult genannt, Wangen im Allg\u00e4u \u00fcber die Durchf\u00fchrung von Beratung und \u00e4hnlichen Leistungen erteilt werden 1.2. Die Berater und Beraterinnen der MBR Consult handeln &hellip; <a href=\"http:\/\/mbr-consult.com\/?page_id=346\">Weiterlesen <span class=\"meta-nav\">&rarr;<\/span><\/a><\/p>\n","protected":false},"author":1,"featured_media":0,"parent":0,"menu_order":0,"comment_status":"closed","ping_status":"closed","template":"sidebar-page.php","meta":{"jetpack_post_was_ever_published":false,"footnotes":""},"class_list":["post-346","page","type-page","status-publish","hentry"],"jetpack_sharing_enabled":false,"jetpack_shortlink":"https:\/\/wp.me\/P3IAsu-5A","_links":{"self":[{"href":"http:\/\/mbr-consult.com\/index.php?rest_route=\/wp\/v2\/pages\/346","targetHints":{"allow":["GET"]}}],"collection":[{"href":"http:\/\/mbr-consult.com\/index.php?rest_route=\/wp\/v2\/pages"}],"about":[{"href":"http:\/\/mbr-consult.com\/index.php?rest_route=\/wp\/v2\/types\/page"}],"author":[{"embeddable":true,"href":"http:\/\/mbr-consult.com\/index.php?rest_route=\/wp\/v2\/users\/1"}],"replies":[{"embeddable":true,"href":"http:\/\/mbr-consult.com\/index.php?rest_route=%2Fwp%2Fv2%2Fcomments&post=346"}],"version-history":[{"count":0,"href":"http:\/\/mbr-consult.com\/index.php?rest_route=\/wp\/v2\/pages\/346\/revisions"}],"wp:attachment":[{"href":"http:\/\/mbr-consult.com\/index.php?rest_route=%2Fwp%2Fv2%2Fmedia&parent=346"}],"curies":[{"name":"wp","href":"https:\/\/api.w.org\/{rel}","templated":true}]}}